{"id":9,"date":"2023-06-13T11:01:44","date_gmt":"2023-06-13T11:01:44","guid":{"rendered":"http:\/\/193.194.89.179\/wp_lsd\/?page_id=9"},"modified":"2025-01-16T09:21:33","modified_gmt":"2025-01-16T09:21:33","slug":"etude-mathematiqued-des-problemes-devolution-non-lineaires-et-leurs-applications","status":"publish","type":"page","link":"https:\/\/lsd.usthb.dz\/index.php\/etude-mathematiqued-des-problemes-devolution-non-lineaires-et-leurs-applications\/","title":{"rendered":"Etude Math\u00e9matique des probl\u00e8mes d&#8217;\u00e9volution non lin\u00e9aires et leurs applications"},"content":{"rendered":"\n<h2 class=\"wp-block-heading\">Syst\u00e8mes dynamiques<\/h2>\n\n\n\n<blockquote class=\"wp-block-quote is-layout-flow wp-block-quote-is-layout-flow\">\n<ol class=\"has-blush-light-purple-gradient-background has-background wp-block-list\">\n<li><a href=\"https:\/\/lsd.usthb.dz\/index.php\/perturbation-des-systemes-et-didactique-psd\/\">Perturbation des syst\u00e8mes et didactique et probl\u00e8mes de contacts<\/a><\/li>\n\n\n\n<li><a href=\"https:\/\/lsd.usthb.dz\/index.php\/analyse-approximation-et-etude-asymptotique-de-quelques-problemes-devolution-non-lineaires\/\">Analyse, approximation et \u00e9tude asymptotique de quelques probl\u00e8mes d&#8217;\u00e9volution non lin\u00e9aires<\/a><\/li>\n\n\n\n<li>Etude Math\u00e9matique des probl\u00e8mes d&#8217;\u00e9volution non lin\u00e9aires et leurs applications<\/li>\n\n\n\n<li><a href=\"https:\/\/lsd.usthb.dz\/index.php\/fluides-viscoelastiques-equations-differentielles-de-fucks\/\">Fluides visco\u00e9lastiques \u00e9quations diff\u00e9rentielles de Fucks<\/a><\/li>\n\n\n\n<li><a href=\"https:\/\/lsd.usthb.dz\/index.php\/systemes-dynamiques-et-geometrie\/\">Syst\u00e8mes dynamiques et g\u00e9om\u00e9trie<\/a><\/li>\n\n\n\n<li><a href=\"http:\/\/lsd.usthb.dz\/index.php\/problemes-devolution-identification-et-controle-dans-les-systemes-dynamiques-non-lineaires\/\">&nbsp;Probl\u00e8mes d&#8217;\u00e9volution<\/a><\/li>\n<\/ol>\n<\/blockquote>\n\n\n\n<p><\/p>\n","protected":false},"excerpt":{"rendered":"<p>Syst\u00e8mes dynamiques<\/p>\n","protected":false},"author":1,"featured_media":0,"parent":0,"menu_order":0,"comment_status":"closed","ping_status":"closed","template":"","meta":{"footnotes":""},"class_list":["post-9","page","type-page","status-publish","hentry"],"_links":{"self":[{"href":"https:\/\/lsd.usthb.dz\/index.php\/wp-json\/wp\/v2\/pages\/9","targetHints":{"allow":["GET"]}}],"collection":[{"href":"https:\/\/lsd.usthb.dz\/index.php\/wp-json\/wp\/v2\/pages"}],"about":[{"href":"https:\/\/lsd.usthb.dz\/index.php\/wp-json\/wp\/v2\/types\/page"}],"author":[{"embeddable":true,"href":"https:\/\/lsd.usthb.dz\/index.php\/wp-json\/wp\/v2\/users\/1"}],"replies":[{"embeddable":true,"href":"https:\/\/lsd.usthb.dz\/index.php\/wp-json\/wp\/v2\/comments?post=9"}],"version-history":[{"count":9,"href":"https:\/\/lsd.usthb.dz\/index.php\/wp-json\/wp\/v2\/pages\/9\/revisions"}],"predecessor-version":[{"id":95,"href":"https:\/\/lsd.usthb.dz\/index.php\/wp-json\/wp\/v2\/pages\/9\/revisions\/95"}],"wp:attachment":[{"href":"https:\/\/lsd.usthb.dz\/index.php\/wp-json\/wp\/v2\/media?parent=9"}],"curies":[{"name":"wp","href":"https:\/\/api.w.org\/{rel}","templated":true}]}}