{"id":7,"date":"2023-06-13T11:01:44","date_gmt":"2023-06-13T11:01:44","guid":{"rendered":"http:\/\/193.194.89.179\/wp_lsd\/?page_id=7"},"modified":"2025-01-16T09:18:28","modified_gmt":"2025-01-16T09:18:28","slug":"presentation","status":"publish","type":"page","link":"https:\/\/lsd.usthb.dz\/index.php\/presentation\/","title":{"rendered":"Pr\u00e9sentation"},"content":{"rendered":"\n<p>Le laboratoire de syst\u00e8me dynamique (L.S.D) agr\u00e9e en 2000, est un des laboratoires de l\u2019institut de Math\u00e9matique de l\u2019Universit\u00e9 des Sciences et de la Technologie Houari Boum\u00e9di\u00e8ne USTHB.<\/p>\n\n\n\n<blockquote class=\"wp-block-quote has-black-color has-white-background-color has-text-color has-background is-layout-flow wp-block-quote-is-layout-flow\">\n<ul class=\"wp-block-list\">\n<li><strong>Localisation du laboratoire&nbsp;:&nbsp;<br>&#8211; C3.02 b\u00e2timent de recherche en Math\u00e9matiques Avanc\u00e9es (CAM), departement d\u2019Analyse.<\/strong><\/li>\n\n\n\n<li><strong>Superficie du laboratoire&nbsp;:<\/strong>&nbsp;<br>&#8211; La superficie totale du la boratoire est de 32 m2.<\/li>\n\n\n\n<li><strong>Membres du laboratoire&nbsp;:<\/strong><br>&#8211; Nombre d\u2019\u00e9quipes&nbsp;: 4&nbsp;<br>&#8211; Nombre de chercheurs&nbsp;: 22&nbsp;<br>&#8211; Nombre de personnel A.T.S&nbsp;: 00&nbsp;<\/li>\n<\/ul>\n<\/blockquote>\n\n\n\n<h2 class=\"wp-block-heading has-pale-ocean-gradient-background has-background\"><br>Activit\u00e9es scientifiques du laboratoire&nbsp;:<\/h2>\n\n\n\n<p class=\"has-normal-font-size\"><br>Sur la p\u00e9riode 2005 \u00e0 juin 2008, le laboratoire Syst\u00e8mes Dynamiques (L.S.D) a comptabilis\u00e9 23 publications internationales, 17 communications dans des colloques internationaux, 10 soutenances de magister et 05 soutenances de doctorat d\u2019\u00e9tat encadr\u00e9s par 04 membres du laboratoire. 04 membres du L.S.D ont soutenu des doctorats d\u2019\u00e9tat.<\/p>\n\n\n\n<h2 class=\"wp-block-heading has-pale-ocean-gradient-background has-background\"><strong>Objectifs de recherche scientifique et de d\u00e9veloppement technologique&nbsp;:<\/strong><\/h2>\n\n\n\n<blockquote class=\"wp-block-quote has-medium-black-color has-text-color is-layout-flow wp-block-quote-is-layout-flow\">\n<p class=\"has-white-background-color has-background\"><br>Les objectifs sont multiples, mais tous li\u00e9s \u00e0 la notion de syst\u00e8me dynamique&nbsp;:&nbsp;<br>&#8211; \u00e9tudier les syst\u00e8mes dynamiques perturb\u00e9s discrets ou continus,&nbsp;<br>&#8211; mod\u00e9liser divers probl\u00e8mes (physiques, biologiques, \u00e9conomiques, \u2026) traduits par des \u00e9quations diff\u00e9rentielles ou aux d\u00e9riv\u00e9es partielles,&nbsp;<br>&#8211; mise en \u0153uvre num\u00e9rique des probl\u00e8mes d\u2019\u00e9volution lin\u00e9aires et non lin\u00e9aires (existence, unicit\u00e9, stabilit\u00e9, r\u00e9gularit\u00e9, de la solution),&nbsp;<br>&#8211; d\u00e9velopper l\u2019aspect g\u00e9om\u00e9trique des syst\u00e8mes dynamiques (dynamique lorentzienne, syst\u00e8mes dynamiques discrets et chaos, dynamique codifi\u00e9e),&nbsp;<br>&#8211; s\u2019int\u00e9resser \u00e0 l\u2019enseignement des math\u00e9matiques et des syst\u00e8mes dynamiques en particulier \u00e0 travers des recherches didactiques.<\/p>\n<\/blockquote>\n","protected":false},"excerpt":{"rendered":"<p>Le laboratoire de syst\u00e8me dynamique (L.S.D) agr\u00e9e en 2000, est un des laboratoires de l\u2019institut de Math\u00e9matique de l\u2019Universit\u00e9 des Sciences et de la Technologie Houari Boum\u00e9di\u00e8ne USTHB. Activit\u00e9es scientifiques du laboratoire&nbsp;: Sur la p\u00e9riode 2005 \u00e0 juin 2008, le <span class=\"readmore\"><a href=\"https:\/\/lsd.usthb.dz\/index.php\/presentation\/\">Continue Reading<\/a><\/span><\/p>\n","protected":false},"author":1,"featured_media":0,"parent":0,"menu_order":0,"comment_status":"closed","ping_status":"closed","template":"","meta":{"footnotes":""},"class_list":["post-7","page","type-page","status-publish","hentry"],"_links":{"self":[{"href":"https:\/\/lsd.usthb.dz\/index.php\/wp-json\/wp\/v2\/pages\/7","targetHints":{"allow":["GET"]}}],"collection":[{"href":"https:\/\/lsd.usthb.dz\/index.php\/wp-json\/wp\/v2\/pages"}],"about":[{"href":"https:\/\/lsd.usthb.dz\/index.php\/wp-json\/wp\/v2\/types\/page"}],"author":[{"embeddable":true,"href":"https:\/\/lsd.usthb.dz\/index.php\/wp-json\/wp\/v2\/users\/1"}],"replies":[{"embeddable":true,"href":"https:\/\/lsd.usthb.dz\/index.php\/wp-json\/wp\/v2\/comments?post=7"}],"version-history":[{"count":7,"href":"https:\/\/lsd.usthb.dz\/index.php\/wp-json\/wp\/v2\/pages\/7\/revisions"}],"predecessor-version":[{"id":93,"href":"https:\/\/lsd.usthb.dz\/index.php\/wp-json\/wp\/v2\/pages\/7\/revisions\/93"}],"wp:attachment":[{"href":"https:\/\/lsd.usthb.dz\/index.php\/wp-json\/wp\/v2\/media?parent=7"}],"curies":[{"name":"wp","href":"https:\/\/api.w.org\/{rel}","templated":true}]}}