{"id":38,"date":"2023-06-13T13:41:04","date_gmt":"2023-06-13T13:41:04","guid":{"rendered":"http:\/\/193.194.89.179\/wp_lsd\/?page_id=38"},"modified":"2025-01-16T09:43:09","modified_gmt":"2025-01-16T09:43:09","slug":"systemes-dynamiques-et-geometrie","status":"publish","type":"page","link":"https:\/\/lsd.usthb.dz\/index.php\/systemes-dynamiques-et-geometrie\/","title":{"rendered":"Syst\u00e8mes dynamiques et g\u00e9om\u00e9trie"},"content":{"rendered":"\n<div class=\"wp-block-group has-background\" style=\"background:linear-gradient(135deg,rgb(254,205,165) 17%,rgb(254,45,45) 100%,rgb(107,0,62) 100%)\"><div class=\"wp-block-group__inner-container is-layout-constrained wp-block-group-is-layout-constrained\">\n<p><strong>Responsable&nbsp;:<\/strong>    Pr.KESSI Arezki<\/p>\n\n\n\n<p><strong>Email&nbsp;:&nbsp;&nbsp;&nbsp;&nbsp;<\/strong>arkessi@yahoo.com<\/p>\n\n\n\n<hr class=\"wp-block-separator has-alpha-channel-opacity\"\/>\n<\/div><\/div>\n\n\n\n<p><\/p>\n\n\n\n<h2 class=\"wp-block-heading has-blush-bordeaux-gradient-background has-background\"><strong>Pr\u00e9sentation<\/strong><\/h2>\n\n\n\n<blockquote class=\"wp-block-quote has-medium-black-color has-text-color is-layout-flow wp-block-quote-is-layout-flow\">\n<p>L&#8217;\u00e9quipe travaille sur trois axes. Le premier concerne :<\/p>\n\n\n\n<p>A)&nbsp; La stabilit\u00e9 asymptotique des syst\u00e8mes dynamiques \u00e0 communication (Switching systems), l&#8217;outil utilis\u00e9 dans cette branche est la fonction de Lyapounov.<\/p>\n\n\n\n<p>B) La mod\u00e9lisation g\u00e9om\u00e9trique d&#8217;un ou plusieurs neurones et l&#8217;\u00e9tude qualitative de ces mod\u00e8les.<\/p>\n\n\n\n<p>C) Le contr\u00f4le des syst\u00e8mes dynamiques chaotiques.<\/p>\n\n\n\n<p>Le deuxi\u00e8me axe concerne la th\u00e9orie KAM&nbsp; et la g\u00e9om\u00e9trie des tissus. On s&#8217;int\u00e9resse \u00e0 la lin\u00e9arisation des champs hamiltoniens et \u00e0 l&#8217;\u00e9tude des familles de feuilletages en position g\u00e9n\u00e9rale.<\/p>\n\n\n\n<p>Le troisi\u00e8me axe concerne les \u00e9quations diff\u00e9rentielles ordinaires dans le champ complexe. On s&#8217;int\u00e9resse aux \u00e9quations \u00e0 points critiques fixes, c&#8217;est \u00e0 dire les \u00e9quations dont la solution g\u00e9n\u00e9rale est monovalente.<\/p>\n<\/blockquote>\n\n\n\n<h2 class=\"wp-block-heading has-blush-bordeaux-gradient-background has-background\"><strong>Mots cl\u00e9s&nbsp;:<\/strong><\/h2>\n\n\n\n<p>KAM, contr\u00f4le, syst\u00e8mes dynamiques.<\/p>\n\n\n\n<hr class=\"wp-block-separator has-alpha-channel-opacity\"\/>\n\n\n\n<h2 class=\"wp-block-heading has-blush-bordeaux-gradient-background has-background\"><strong>Membres de l\u2019\u00e9quipe<\/strong><\/h2>\n\n\n\n<figure class=\"wp-block-table is-style-stripes\"><table class=\"has-very-light-gray-to-cyan-bluish-gray-gradient-background has-background\"><tbody><tr><td><strong>Nom et Pr\u00e9nom<\/strong><\/td><td><strong>Dernier dipl\u00f4me<\/strong><\/td><td><strong>Grade<\/strong><\/td><td><strong>Email<\/strong><\/td><\/tr><tr><td>KESSI Arezki<\/td><td>Doctorat d&#8217;\u00c9tat<\/td><td>Professeur<\/td><td>arkessi@yahoo.com<\/td><\/tr><tr><td>Benzekri Tounsia<\/td><td>Doctorat d&#8217;\u00c9tat<\/td><td>MCA<\/td><td>tbenzekri@yahoo.fr<\/td><\/tr><tr><td>Deffaf Mohamed<\/td><td>Doctorat<\/td><td>MCA<\/td><td>ad<\/td><\/tr><tr><td>Bedrouni Samir<\/td><td>Magister<\/td><td>MCA<\/td><td>sbedrouni@usthb.dz<\/td><\/tr><tr><td>Yahi Moussa<\/td><td>Magister<\/td><td>MCB<\/td><td>moussa-yahi@hotmail.fr<\/td><\/tr><tr><td>Belraouti Mehdi<\/td><td>Doctorat<\/td><td>MCA<\/td><td>b<\/td><\/tr><\/tbody><\/table><\/figure>\n","protected":false},"excerpt":{"rendered":"<p>Responsable&nbsp;: Pr.KESSI Arezki Email&nbsp;:&nbsp;&nbsp;&nbsp;&nbsp;arkessi@yahoo.com Pr\u00e9sentation L&#8217;\u00e9quipe travaille sur trois axes. Le premier concerne : A)&nbsp; La stabilit\u00e9 asymptotique des syst\u00e8mes dynamiques \u00e0 communication (Switching systems), l&#8217;outil utilis\u00e9 dans cette branche est la fonction de Lyapounov. B) La mod\u00e9lisation g\u00e9om\u00e9trique d&#8217;un <span class=\"readmore\"><a href=\"https:\/\/lsd.usthb.dz\/index.php\/systemes-dynamiques-et-geometrie\/\">Continue Reading<\/a><\/span><\/p>\n","protected":false},"author":1,"featured_media":0,"parent":0,"menu_order":0,"comment_status":"closed","ping_status":"closed","template":"","meta":{"footnotes":""},"class_list":["post-38","page","type-page","status-publish","hentry"],"_links":{"self":[{"href":"https:\/\/lsd.usthb.dz\/index.php\/wp-json\/wp\/v2\/pages\/38","targetHints":{"allow":["GET"]}}],"collection":[{"href":"https:\/\/lsd.usthb.dz\/index.php\/wp-json\/wp\/v2\/pages"}],"about":[{"href":"https:\/\/lsd.usthb.dz\/index.php\/wp-json\/wp\/v2\/types\/page"}],"author":[{"embeddable":true,"href":"https:\/\/lsd.usthb.dz\/index.php\/wp-json\/wp\/v2\/users\/1"}],"replies":[{"embeddable":true,"href":"https:\/\/lsd.usthb.dz\/index.php\/wp-json\/wp\/v2\/comments?post=38"}],"version-history":[{"count":4,"href":"https:\/\/lsd.usthb.dz\/index.php\/wp-json\/wp\/v2\/pages\/38\/revisions"}],"predecessor-version":[{"id":113,"href":"https:\/\/lsd.usthb.dz\/index.php\/wp-json\/wp\/v2\/pages\/38\/revisions\/113"}],"wp:attachment":[{"href":"https:\/\/lsd.usthb.dz\/index.php\/wp-json\/wp\/v2\/media?parent=38"}],"curies":[{"name":"wp","href":"https:\/\/api.w.org\/{rel}","templated":true}]}}