{"id":36,"date":"2023-06-13T12:22:33","date_gmt":"2023-06-13T12:22:33","guid":{"rendered":"http:\/\/193.194.89.179\/wp_lsd\/?page_id=36"},"modified":"2025-01-16T09:39:57","modified_gmt":"2025-01-16T09:39:57","slug":"fluides-viscoelastiques-equations-differentielles-de-fucks","status":"publish","type":"page","link":"https:\/\/lsd.usthb.dz\/index.php\/fluides-viscoelastiques-equations-differentielles-de-fucks\/","title":{"rendered":"Fluides visco\u00e9lastiques \u00e9quations diff\u00e9rentielles de Fucks"},"content":{"rendered":"\n<div class=\"wp-block-group has-background\" style=\"background:linear-gradient(135deg,rgb(255,203,112) 42%,rgb(199,81,192) 84%,rgb(65,88,208) 100%)\"><div class=\"wp-block-group__inner-container is-layout-constrained wp-block-group-is-layout-constrained\">\n<p><strong>Responsable\u00a0:<\/strong>   Dr.LAADJ\u00a0 Amor<\/p>\n\n\n\n<p><strong>Email\u00a0:\u00a0\u00a0\u00a0\u00a0<\/strong>amorkes@yahoo.fr<\/p>\n<\/div><\/div>\n\n\n\n<hr class=\"wp-block-separator has-alpha-channel-opacity\"\/>\n\n\n\n<h2 class=\"wp-block-heading has-luminous-dusk-gradient-background has-background\"><strong>Pr\u00e9sentation<\/strong><\/h2>\n\n\n\n<p>On \u00e9tudie quelques \u00e9quations aux d\u00e9riv\u00e9es partielles de type parabolique semi-lin\u00e9aire avec une non-lin\u00e9arit\u00e9 d\u00e9pendant du temps. Dans ce cas, on donnera les conditions suffisantes sur la non-lin\u00e9arit\u00e9, pour emp\u00eacher le ph\u00e9nom\u00e8ne d&#8217;explosion en temps et pour avoir des solutions globales en temps. On s&#8217;int\u00e9resse ensuite au comportement asymptotique; celui-ci d\u00e9pendra des param\u00e8tres de l&#8217;\u00e9quation et \u00e9ventuellement de la taille du domaine consid\u00e9r\u00e9. On s&#8217;int\u00e9ressera aussi au comportement en grand temps des syst\u00e8mes non-locaux en temps. Le cas des \u00e9quations de diffusion fractionnaires, inspir\u00e9es de mod\u00e8les \u00e9pid\u00e9miologiques est \u00e9tudi\u00e9 de tr\u00e8s pr\u00e8s. Enfin, on s&#8217;int\u00e9resse \u00e0 des mod\u00e8les math\u00e9matiques r\u00e9gis par des EDP d\u00e9crivant le mouvement de certains milieux continus (milieux poreux, fluides, biologie, etc. &#8230;) ainsi qu&#8217;\u00e0 certaines \u00e9quations paraboliques li\u00e9es aux questions du type singularit\u00e9-r\u00e9gularit\u00e9.<\/p>\n\n\n\n<h2 class=\"wp-block-heading has-luminous-dusk-gradient-background has-background\"><strong>Mots cl\u00e9s&nbsp;:<\/strong><\/h2>\n\n\n\n<p>Fluides visco\u00e9lastiques \u00e9quations diff\u00e9rentielles de Fucks<\/p>\n\n\n\n<hr class=\"wp-block-separator has-alpha-channel-opacity\"\/>\n\n\n\n<p><strong>Membres de l\u2019\u00e9quipe<\/strong><\/p>\n\n\n\n<figure class=\"wp-block-table is-style-stripes\"><table class=\"has-very-light-gray-to-cyan-bluish-gray-gradient-background has-background\"><tbody><tr><td><strong>Nom et Pr\u00e9nom<\/strong><\/td><td><strong>Dernier dipl\u00f4me<\/strong><\/td><td><strong>Grade<\/strong><\/td><td><strong>Email<\/strong><\/td><\/tr><tr><td>LAADJ\u00a0 Toufik<\/td><td>Doctorat d&#8217;\u00c9tat<\/td><td>MCA<\/td><td><\/td><\/tr><tr><td>BENABIDALLAH Mohamed<\/td><td>Doctorat<\/td><td>MCB<\/td><td>m_benabidallah@yahoo.fr<\/td><\/tr><tr><td>RIHANI Samira<\/td><td>Magister<\/td><td>MAA, Doctorante<\/td><td>srihani@usthb.dz<\/td><\/tr><tr><td>BIOUT Sara<\/td><td>Magister<\/td><td>MAB, Doctorante<\/td><td>sbiout@usthb.dz<\/td><\/tr><\/tbody><\/table><\/figure>\n","protected":false},"excerpt":{"rendered":"<p>Responsable\u00a0: Dr.LAADJ\u00a0 Amor Email\u00a0:\u00a0\u00a0\u00a0\u00a0amorkes@yahoo.fr Pr\u00e9sentation On \u00e9tudie quelques \u00e9quations aux d\u00e9riv\u00e9es partielles de type parabolique semi-lin\u00e9aire avec une non-lin\u00e9arit\u00e9 d\u00e9pendant du temps. Dans ce cas, on donnera les conditions suffisantes sur la non-lin\u00e9arit\u00e9, pour emp\u00eacher le ph\u00e9nom\u00e8ne d&#8217;explosion en temps <span class=\"readmore\"><a href=\"https:\/\/lsd.usthb.dz\/index.php\/fluides-viscoelastiques-equations-differentielles-de-fucks\/\">Continue Reading<\/a><\/span><\/p>\n","protected":false},"author":1,"featured_media":0,"parent":0,"menu_order":0,"comment_status":"closed","ping_status":"closed","template":"","meta":{"footnotes":""},"class_list":["post-36","page","type-page","status-publish","hentry"],"_links":{"self":[{"href":"https:\/\/lsd.usthb.dz\/index.php\/wp-json\/wp\/v2\/pages\/36","targetHints":{"allow":["GET"]}}],"collection":[{"href":"https:\/\/lsd.usthb.dz\/index.php\/wp-json\/wp\/v2\/pages"}],"about":[{"href":"https:\/\/lsd.usthb.dz\/index.php\/wp-json\/wp\/v2\/types\/page"}],"author":[{"embeddable":true,"href":"https:\/\/lsd.usthb.dz\/index.php\/wp-json\/wp\/v2\/users\/1"}],"replies":[{"embeddable":true,"href":"https:\/\/lsd.usthb.dz\/index.php\/wp-json\/wp\/v2\/comments?post=36"}],"version-history":[{"count":2,"href":"https:\/\/lsd.usthb.dz\/index.php\/wp-json\/wp\/v2\/pages\/36\/revisions"}],"predecessor-version":[{"id":110,"href":"https:\/\/lsd.usthb.dz\/index.php\/wp-json\/wp\/v2\/pages\/36\/revisions\/110"}],"wp:attachment":[{"href":"https:\/\/lsd.usthb.dz\/index.php\/wp-json\/wp\/v2\/media?parent=36"}],"curies":[{"name":"wp","href":"https:\/\/api.w.org\/{rel}","templated":true}]}}