{"id":18,"date":"2023-06-13T11:06:18","date_gmt":"2023-06-13T11:06:18","guid":{"rendered":"http:\/\/193.194.89.179\/wp_lsd\/?page_id=18"},"modified":"2025-01-16T09:50:14","modified_gmt":"2025-01-16T09:50:14","slug":"publications","status":"publish","type":"page","link":"https:\/\/lsd.usthb.dz\/index.php\/publications\/","title":{"rendered":"Publications"},"content":{"rendered":"\n<blockquote class=\"wp-block-quote has-medium-black-color has-text-color has-background is-layout-flow wp-block-quote-is-layout-flow\" style=\"background:linear-gradient(89deg,rgb(255,245,203) 0%,rgb(182,227,212) 50%,rgb(51,167,181) 100%)\">\n<p><\/p>\n\n\n\n<p>1.A.\u00a0Berkani, N. E. Tatar &amp; A.\u00a0Khemmoudj,Control of a viscoelastic translational Euler-Bernoulli beam,\u00a0\u00a0Mathematical Methods in the Applied Sciences,<a href=\"http:\/\/dx.doi.org\/10.1002\/mma.3985\">http:\/\/dx.doi.org\/10.1002\/mma.3985<\/a>.<\/p>\n\n\n\n<ol class=\"wp-block-list\" type=\"1\" start=\"2\">\n<li>A.&nbsp;Kelleche, N. E. Tatar &amp; A.&nbsp;Khemmoudj,Stability of an Axially Moving Viscoelastic Beam, Journal of Dynamical and Controls Systems , 2016,&nbsp;<a href=\"http:\/\/dx.doi.org\/10.1007\/s10883-016-9317-8\">http:\/\/dx.doi.org\/10.1007\/s10883-016-9317-8<\/a>.<\/li>\n<\/ol>\n\n\n\n<ol class=\"wp-block-list\" type=\"1\" start=\"3\">\n<li>A.&nbsp;Kelleche, N. E. Tatar &amp; A.&nbsp;Khemmoudj,Uniform Stabilization of an Axially Moving Kirchhoff String by a Boundary Control of Memory Type, Journal of and Dynamical Control systems , 2016,&nbsp;<a href=\"http:\/\/dx.doi.org\/10.1007\/s10883-016-9310-2\">http:\/\/dx.doi.org\/10.1007\/s10883-016-9310-2<\/a>.<\/li>\n<\/ol>\n\n\n\n<ol class=\"wp-block-list\" type=\"1\" start=\"4\">\n<li>A.&nbsp;Touzaline,&nbsp;<a href=\"https:\/\/zbmath.org\/?q=an:06577456\">Optimal control of a frictional contact problem.<\/a>&nbsp;Acta&nbsp;Math. Appl. Sin., Engl. Ser. 31, No. 4, 991-1000 (2015).<\/li>\n<\/ol>\n\n\n\n<ol class=\"wp-block-list\" type=\"1\" start=\"5\">\n<li>A.&nbsp;Touzaline,&nbsp;&nbsp;A&nbsp;quasistatic&nbsp;contact problem with unilateral constraint and slip-dependent friction.&nbsp;&nbsp;Appl. Math. 42, No. 2, 167-182 (2015).<\/li>\n<\/ol>\n\n\n\n<ol class=\"wp-block-list\" type=\"1\" start=\"6\">\n<li>A.&nbsp;Touzaline,&nbsp;&nbsp;A&nbsp;viscoelastic frictionless contact problem with adhesion.&nbsp;&nbsp;Bull. Pol. Acad. Sci., Math. 63, No. 1, 53-66 (2015).<\/li>\n<\/ol>\n\n\n\n<ol class=\"wp-block-list\" type=\"1\" start=\"7\">\n<li>Nadia&nbsp;Metref,&nbsp;Analyse&nbsp;des&nbsp;syst\u00e8mes&nbsp;&nbsp;dynamique&nbsp;continus&nbsp;lin\u00e9aires&nbsp;\u00e0 double&nbsp;\u00e9chelle&nbsp;de temps,&nbsp;Pr\u00e9publications&nbsp;Facult\u00e9&nbsp;de Math\u00e9matiques,USTHB,N\u00b0365\/2015&nbsp;&nbsp;(2015)<\/li>\n<\/ol>\n\n\n\n<ol class=\"wp-block-list\" type=\"1\" start=\"8\">\n<li>Nadia&nbsp;Metref,&nbsp;Stabilit\u00e9&nbsp;des&nbsp;syst\u00e8mes&nbsp;singuli\u00e8rement&nbsp;perturb\u00e9s,&nbsp;Pr\u00e9publications&nbsp;Facult\u00e9de Math\u00e9matiques,USTHB,N\u00b0364\/2015 (2015)<\/li>\n<\/ol>\n\n\n\n<ol class=\"wp-block-list\" type=\"1\" start=\"9\">\n<li>Ammar&nbsp;Khemmoudj&nbsp;&amp;&nbsp;Taklit&nbsp;Hamadouche,Bounady&nbsp;Stabilization of&nbsp;Bresse-type system, Mathematical Methods in the Applied Sciences, 2015, DOI:&nbsp;<a href=\"http:\/\/dx.doi.org\/10.1002\/mma.3773\">10.1002\/mma.3773<\/a>.<\/li>\n<\/ol>\n\n\n\n<ol class=\"wp-block-list\" type=\"1\" start=\"10\">\n<li>L.&nbsp;Seghour, A.&nbsp;Khemmoudj&nbsp;&amp; N. E. Tatar,Control&nbsp;of a riser through the dynamic of the vessel, Applicable Analysis: A international Journal, 2015,&nbsp;DOI:&nbsp;<a href=\"http:\/\/dx.doi.org\/10.1080\/00036811.2015.1080249\">10.1080\/00036811.2015.1080249<\/a>.<\/li>\n<\/ol>\n\n\n\n<ol class=\"wp-block-list\" type=\"1\" start=\"11\">\n<li>A.&nbsp;Khemmoudj, L.&nbsp;Seghour, Exponential stabilization of a viscoelastic wave equation with dynamic boundary conditions, Nonlinear Deferential Equations and Applications, Springer Basel, (2015) DOI:&nbsp;<a href=\"http:\/\/www.dx.doi.org\/10.1007\/s00030-015-0322-5\">10.1007\/s00030-015-0322-5<\/a><\/li>\n<\/ol>\n\n\n\n<ol class=\"wp-block-list\" type=\"1\" start=\"12\">\n<li>K.&nbsp;M\u2019hamed-Messaoud, A.&nbsp;Kessi,and&nbsp;T. Laadj, On Sufficient Conditions for the Existence of Solutions for First Order Equations and Fourth Degree with the&nbsp;Painlev\u00e9Property.&nbsp;&nbsp;Qualitative Theory of Dynamical Systems 2015; DOI:<a href=\"http:\/\/dx.doi.org\/10.1007\/s12346-015-0144-1\">10.1007\/s12346-015-0144-1<\/a><\/li>\n<\/ol>\n\n\n\n<ol class=\"wp-block-list\" type=\"1\" start=\"13\">\n<li>Rachid&nbsp;Bebbouchi, Mohamed&nbsp;Ghouali, About a Predator-Prey Model with Stage Structure for the Prey,&nbsp;International Journal of Mathematics and Computation, Vol 216, N\u00b04 pp 81-86 (2015)<\/li>\n<\/ol>\n\n\n\n<ol class=\"wp-block-list\" type=\"1\" start=\"14\">\n<li>L.&nbsp;Seghour, A.&nbsp;Khemmoudj, N.-E. Tatar, Control of a riser through the dynamic of a vessel, Applicable Analysis; An international Journal, (2015) DOI:<a href=\"http:\/\/www.dx.doi.org\/10.1080\/00036811.2015.1080249\">10.1080\/00036811.2015.1080249<\/a><\/li>\n<\/ol>\n\n\n\n<ol class=\"wp-block-list\" type=\"1\" start=\"15\">\n<li>A.&nbsp;Touzaline,&nbsp;&nbsp;Adhesive&nbsp;contact of an elastic body with prescribed normal stress and total slip-dependent friction. II: Existence and uniqueness of solution. Bull. Soc. Sci. Lett.&nbsp;\u0141\u00f3d\u017a,&nbsp;S\u00e9r.&nbsp;Rech.&nbsp;D\u00e9form. 64, No. 1, 83-90 (2014).<\/li>\n<\/ol>\n\n\n\n<ol class=\"wp-block-list\" type=\"1\" start=\"16\">\n<li>A.&nbsp;Touzaline, Adhesive contact of an elastic body with prescribed normal stress and total slip-dependent friction. I: Problem statement and&nbsp;variational&nbsp;formulation. Bull. Soc. Sci. Lett.&nbsp;\u0141\u00f3d\u017a,&nbsp;S\u00e9r.&nbsp;Rech.&nbsp;D\u00e9form. 64, No. 1, 75-82 (2014).<\/li>\n<\/ol>\n\n\n\n<ol class=\"wp-block-list\" type=\"1\" start=\"17\">\n<li>A.&nbsp;Touzaline, A study of a unilateral and adhesive contact problem with normal compliance. Appl. Math. 41, No. 4, 385-402 (2014).<\/li>\n<\/ol>\n\n\n\n<ol class=\"wp-block-list\" type=\"1\" start=\"18\">\n<li>D.&nbsp;Cheriet, R.&nbsp;Bebbouchi,&nbsp;The&nbsp;Osgood Integral or the Cauchy-Osgood Integral? Journal of Mathematics and System Science, 4,&nbsp;<a href=\"http:\/\/www.davidpublishing.com\/show.html?15665\">pp 155-157<\/a>(2014).<\/li>\n<\/ol>\n\n\n\n<ol class=\"wp-block-list\" type=\"1\" start=\"19\">\n<li>A.&nbsp;Touzaline, Analysis of a viscoelastic unilateral and frictional contact problem with adhesion.&nbsp;&nbsp;Stud. Univ.&nbsp;Babe\u015f-Bolyai, Math. 58, No. 2, 263-278 (2013).<\/li>\n<\/ol>\n\n\n\n<ol class=\"wp-block-list\" type=\"1\" start=\"20\">\n<li>R.&nbsp;Guettaf,&nbsp;&amp;&nbsp;A.&nbsp;Touzaline, Analysis of a contact problem with adhesion for electro-viscoelastic materials with long memory. Rev.&nbsp;Roum. Math.&nbsp;Pures&nbsp;Appl. 58, No. 1, 67-84 (2013).<\/li>\n<\/ol>\n\n\n\n<ol class=\"wp-block-list\" type=\"1\" start=\"21\">\n<li>A.&nbsp;Touzaline, A viscoelastic frictional contact problem with adhesion.&nbsp;&nbsp;&nbsp;An. Univ. Oradea, Fasc. Mat. 20, No. 1, 71-82 (2013).<\/li>\n<\/ol>\n\n\n\n<ol class=\"wp-block-list\" type=\"1\" start=\"22\">\n<li>M.Z.&nbsp;Hadadine, L.&nbsp;Belaib, R.&nbsp;Bebbouchi, Periodical Rivers. Theoretical Mathematics and Applications,&nbsp;vol&nbsp;3 n\u00b01 (2013)&nbsp;<a href=\"http:\/\/www.scienpress.com\/journal_focus.asp?main_id=60&amp;Sub_id=IV&amp;Issue=648\">pp 11-18<\/a>.<\/li>\n<\/ol>\n\n\n\n<ol class=\"wp-block-list\" type=\"1\" start=\"23\">\n<li>A.&nbsp;Touzaline, Analysis of a contact adhesive problem with normal compliance and nonlocal friction.&nbsp;&nbsp;Ann. Pol. Math. 104, No. 2, 175-188 (2012).<\/li>\n<\/ol>\n\n\n\n<ol class=\"wp-block-list\" type=\"1\" start=\"24\">\n<li>A.&nbsp;Touzaline, Study of a contact problem with normal compliance and nonlocal friction.&nbsp;&nbsp;&nbsp;&nbsp;&nbsp;Appl. Math. 39, No. 1, 43-55 (2012).<\/li>\n<\/ol>\n\n\n\n<ol class=\"wp-block-list\" type=\"1\" start=\"25\">\n<li>A.&nbsp;Touzaline, A&nbsp;quasistatic&nbsp;unilateral contact problem with normal compliance and nonlocal friction.&nbsp;&nbsp;Rev.&nbsp;Roum. Math.&nbsp;Pures&nbsp;Appl. 56, No. 3, 235-251 (2011).<\/li>\n<\/ol>\n\n\n\n<ol class=\"wp-block-list\" type=\"1\" start=\"26\">\n<li>A.&nbsp;Touzaline, Study of a&nbsp;quasistatic&nbsp;contact problem in viscoelasticity.&nbsp;Glas. Mat., III. Ser. 46, No. 2, 439-454 (2011).<\/li>\n<\/ol>\n\n\n\n<ol class=\"wp-block-list\" type=\"1\" start=\"27\">\n<li>A.&nbsp;Touzaline, Study of a viscoelastic frictional contact problem with adhesion.Commentat. Math. Univ. Carol. 52, No. 2, 257-272 (2011).<\/li>\n<\/ol>\n\n\n\n<ol class=\"wp-block-list\" type=\"1\" start=\"28\">\n<li>R.&nbsp;Bebbouchi, Astronomie-Astrologie : compl\u00e9mentarit\u00e9 ou symbiose ?, revue El-Madar&nbsp;(cit\u00e9 des sciences de Tunis) 2011.<\/li>\n<\/ol>\n\n\n\n<ol class=\"wp-block-list\" type=\"1\" start=\"29\">\n<li>A.&nbsp;Touzaline,&nbsp;On&nbsp;the solvability of a&nbsp;quasistatic&nbsp;contact problem for elastic materials. Bull. Soc. Sci. Lett.&nbsp;\u0141\u00f3d\u017a,&nbsp;S\u00e9r.&nbsp;Rech.&nbsp;D\u00e9form. 60, No. 2, 15-31 (2010).<\/li>\n<\/ol>\n\n\n\n<ol class=\"wp-block-list\" type=\"1\" start=\"30\">\n<li>A.&nbsp;Touzaline, Analysis of a viscoelastic frictionless contact problem with adhesion. REV. ROUMAINE MATH. PURES APPLI. 55 (2010), 5, 411\u2013430.<\/li>\n<\/ol>\n\n\n\n<ol class=\"wp-block-list\" type=\"1\" start=\"31\">\n<li>A.&nbsp;Touzaline, A&nbsp;quasistatic&nbsp;bilateral contact problem with adhesion and friction for viscoelastic materials.&nbsp;&nbsp;&nbsp;Commentat. Math. Univ. Carol. 51, No. 1, 85-97 (2010).<\/li>\n<\/ol>\n\n\n\n<ol class=\"wp-block-list\" type=\"1\" start=\"32\">\n<li>A.&nbsp;Touzaline, Analysis and numerical approximation of a frictional unilateral contact problem with normal compliance. Can. Appl. Math. Q. 18, No. 2, 195-211 (2010).<\/li>\n<\/ol>\n\n\n\n<ol class=\"wp-block-list\" type=\"1\" start=\"33\">\n<li>A.&nbsp;Touzaline, Analysis of a bilateral contact problem with adhesion and friction for elastic materials.&nbsp;&nbsp;Stud. Univ.&nbsp;Babe\u015f-Bolyai, Math. 55, No. 2, 197-212 (2010).<\/li>\n<\/ol>\n\n\n\n<ol class=\"wp-block-list\" type=\"1\" start=\"34\">\n<li>A.&nbsp;Touzaline, Analysis of a&nbsp;quasistatic&nbsp;contact problem with adhesion and nonlocal friction for viscoelastic materials. Appl. Math. Mech., Engl. Ed. 31, No. 5, 623-634 (2010).<\/li>\n<\/ol>\n\n\n\n<ol class=\"wp-block-list\" type=\"1\" start=\"35\">\n<li>A.&nbsp;Touzaline, Analysis of a contact problem with slip dependent coefficient of friction and adhesion for nonlinear elastic materials. An. Univ. Oradea, Fasc. Mat. 17, No. 2, 155-166 (2010).<\/li>\n<\/ol>\n\n\n\n<ol class=\"wp-block-list\" type=\"1\" start=\"36\">\n<li>A.&nbsp;Touzaline, A&nbsp;quasistatic&nbsp;frictional contact problem with normal compliance and finite penetration for elastic materials.&nbsp;Glas. Mat., III. Ser. 45, No. 1, 109-124 (2010).<\/li>\n<\/ol>\n\n\n\n<ol class=\"wp-block-list\" type=\"1\" start=\"37\">\n<li>A.&nbsp;Touzaline, Frictionless contact problem with adhesion and finite penetration for elastic materials.&nbsp;&nbsp;&nbsp;Ann. Pol. Math. 98, No. 1, 23-38 (2010).<\/li>\n<\/ol>\n\n\n\n<ol class=\"wp-block-list\" type=\"1\" start=\"38\">\n<li>A.&nbsp;Touzaline, A&nbsp;quasistatic&nbsp;contact problem with adhesion and friction for viscoelastic materials.&nbsp;&nbsp;Appl. Math. 37, No. 1, 39-52 (2010).<\/li>\n<\/ol>\n\n\n\n<ol class=\"wp-block-list\" type=\"1\" start=\"39\">\n<li>M.&nbsp;Benbachir, K.&nbsp;Yadi, R.&nbsp;Bebbouchi, Slow and fast systems with Hamiltonian reduced problems, Electron. J. Diff.&nbsp;Eqs, Vol 2010 (2010) N\u00b0 6&nbsp;<a href=\"http:\/\/ejde.math.txstate.edu\/Volumes\/2010\/06\/abstr.html\">pp 1-19<\/a>.<\/li>\n<\/ol>\n\n\n\n<ol class=\"wp-block-list\" type=\"1\" start=\"40\">\n<li>M.&nbsp;Souilah, On a Compact Perturbation of a Coercive Problem in Acoustic Scattering&#8221;. Journal of Natural Science and Mathematics (JNSM), Vol.3 No. 2, pp. 107-116, 2010.<\/li>\n<\/ol>\n\n\n\n<ol class=\"wp-block-list\" type=\"1\" start=\"41\">\n<li>Yacin&nbsp;Adjabi, Fahd&nbsp;Jrad,&nbsp;Arezki&nbsp;Kessi&nbsp;Ugurham&nbsp;Mugan, Third order differential equations with fixed critical points, Applied mathematics and computation 208 (2009) 238-248s<\/li>\n<\/ol>\n\n\n\n<ol class=\"wp-block-list\" type=\"1\" start=\"42\">\n<li>Z.&nbsp;Dahmani, M.M.&nbsp;Mesmoudi, R.&nbsp;Bebouchi, The extended&nbsp;tanh&nbsp;method for solving some evolution equations. I.J. of Nonlinear Science, Vol.7 (2009)&nbsp;<a href=\"http:\/\/www.internonlinearscience.org\/bookseries.aspx\">pp 21-28<\/a>.<\/li>\n<\/ol>\n\n\n\n<ol class=\"wp-block-list\" type=\"1\" start=\"43\">\n<li>R.&nbsp;Bebbouch, The foam drainage equation with time and space fractional derivatives solved by the&nbsp;Ad\u00e9mian&nbsp;method,&nbsp;E.J.Qualitative&nbsp;Theory of Diff.&nbsp;Equ., N\u00b0 30(2008) p 1-10.<\/li>\n<\/ol>\n\n\n\n<ol class=\"wp-block-list\" type=\"1\" start=\"44\">\n<li>M.&nbsp;Souilah,&nbsp;A&nbsp;New Nonlinear Filter for Parameters Identification in Dynamic Systems and Application to a Transmission Channel. Signal Processing, Vol.88\/2, pp. 349-357, 2008. (Impact factor 2.23)<\/li>\n<\/ol>\n\n\n\n<ol class=\"wp-block-list\" type=\"1\" start=\"45\">\n<li>R.&nbsp;Bebbouchi, L\u2019analyse des erreurs : un th\u00e8me possible de coop\u00e9ration&nbsp;qu\u00e9b\u00e9co&nbsp;&#8211; alg\u00e9rienne, Actes du colloque GDM, 6-8 Juin 2007, Ed. UQAR.<\/li>\n<\/ol>\n\n\n\n<ol class=\"wp-block-list\" type=\"1\" start=\"46\">\n<li>M. M.&nbsp;Cavalcanti, A.&nbsp;Khemmoudj&nbsp;and M.&nbsp;Medjden, Uniform stabilization of the damped Cauchy-Ventcel&nbsp;Problem with variable coefficients and dynamic boundary condition, J. Math. Anal.&nbsp;Appl, Volume 328, Issue 2, p. p. 900-930. 2007.<\/li>\n<\/ol>\n\n\n\n<ol class=\"wp-block-list\" type=\"1\" start=\"47\">\n<li>R.&nbsp;Bebbouchi, Alg\u00e8bre et algorithme: m\u00eame source mais pas m\u00eame parcours, actes du 8\u00e8me colloque maghr\u00e9bin sur l\u2019histoire des math\u00e9matiques arabes,&nbsp;publ. ATSM, Tunis (2006) pp 43- 48.<\/li>\n<\/ol>\n\n\n\n<ol class=\"wp-block-list\" type=\"1\" start=\"48\">\n<li>M.&nbsp;Souilah,&nbsp;The&nbsp;Limiting Absorption Principle for a Transmission Problem in Acoustics. JPDE, Vol. 19, No. 4, pp. 359-368, 2006.<\/li>\n<\/ol>\n\n\n\n<ol class=\"wp-block-list\" type=\"1\" start=\"49\">\n<li>M.&nbsp;Souilah,&nbsp;A&nbsp;New Strategy for Identification and Control of Mobile Robots. Engineering Simulation, Vol. 28, No. 3, pp. 35-48, 2006.<\/li>\n<\/ol>\n\n\n\n<ol class=\"wp-block-list\" type=\"1\" start=\"50\">\n<li>O.&nbsp;Cherikh, R.&nbsp;Bebbouchi,&nbsp;&nbsp;On&nbsp;a singularly perturbed&nbsp;Li\u00e9nard&nbsp;system with three equilibrium points. Proceedings Dynamical Systems and Applications, GBS Publishers and Distributors (INDIA), 2005, P 648-651.<\/li>\n<\/ol>\n\n\n\n<ol class=\"wp-block-list\" type=\"1\" start=\"51\">\n<li>Y.&nbsp;Adjabi, A.&nbsp;Kessi&nbsp;Third order differential equation with fixed critical points,&nbsp;Travauxde&nbsp;l\u2019institut&nbsp;de&nbsp;maths, Minsk, 2004, Tome 12, N\u00b0 2&nbsp;p&nbsp;:&nbsp;12-17.<\/li>\n<\/ol>\n\n\n\n<ol class=\"wp-block-list\" type=\"1\" start=\"52\">\n<li>A.&nbsp;Khemmoudj&nbsp;and M.&nbsp;Medjden, Exponential Decay for the Semi-linear Damped Cauchy-Ventcel&nbsp;Problem, Bol. Soc.&nbsp;Paran. Mat., 22(2), (2004), 97-116.<\/li>\n<\/ol>\n\n\n\n<ol class=\"wp-block-list\" type=\"1\" start=\"53\">\n<li>M.&nbsp;Souilah, A.&nbsp;Khoukhi, T.&nbsp;Aliziane,&nbsp;A&nbsp;New Multilevel Algorithm for Identification and Stochastic Adaptive Control of Industrial Manipulators. Engineering Simulation, Vol. 26, No. 4, pp. 83-98, 2004.<\/li>\n<\/ol>\n\n\n\n<ol class=\"wp-block-list\" type=\"1\" start=\"54\">\n<li>R.&nbsp;Bebbouchi, Geometrical&nbsp;reflexions&nbsp;of the mathematician&nbsp;Eug\u00e8ne&nbsp;Dewulf&nbsp;inBougie,Historia&nbsp;Mathematica Vol. 29 (Ao\u00fbt&nbsp;2002) p 342 (abstract).<\/li>\n<\/ol>\n\n\n\n<ol class=\"wp-block-list\" type=\"1\" start=\"55\">\n<li>A.&nbsp;Khoukhi, T.&nbsp;Aliziane&nbsp;et M.&nbsp;Souilah, Un Algorithme Multi-Niveau Pour l\u2019Identification d\u2019un Canal en Communication Num\u00e9rique. JESA, Vol. 36, No. 4, pp. 519-537, 2002.<\/li>\n<\/ol>\n\n\n\n<ol class=\"wp-block-list\" type=\"1\" start=\"56\">\n<li>A.&nbsp;Kessi, K.&nbsp;M\u2019hemed-Messaoud, First order equations without mobile critical points, Regular and Chaotic Dynamics, V.6, N\u00b01, 2001, pp:95-100.<\/li>\n<\/ol>\n\n\n\n<ol class=\"wp-block-list\" type=\"1\" start=\"57\">\n<li>A.&nbsp;Kessi, M.&nbsp;Boukhelifa&nbsp;Fourth-order differential equations with integer indices of Fuchs, Regular and Chaotic Dynamics, V.6, N\u00b04, 2001, pp:449-453.<\/li>\n<\/ol>\n<\/blockquote>\n\n\n\n<h2 class=\"wp-block-heading\"><strong>Les articles soumis<\/strong><\/h2>\n\n\n\n<blockquote class=\"wp-block-quote has-medium-black-color has-text-color has-background is-layout-flow wp-block-quote-is-layout-flow\" style=\"background:linear-gradient(89deg,rgb(255,245,203) 0%,rgb(182,227,212) 50%,rgb(51,167,181) 100%)\">\n<ol class=\"wp-block-list\" type=\"1\" start=\"1\">\n<li>Z.&nbsp;Sabbagh&nbsp;&amp; A.&nbsp;Khemmoudj, &#8220;Stabilization of a viscoelastic beam conveying fluid&#8221;, Mathematical Methods in the Applied Sciences, submitted. (22&nbsp;juin&nbsp;2016) MMA-16-8821.<\/li>\n<\/ol>\n\n\n\n<ol class=\"wp-block-list\" type=\"1\" start=\"2\">\n<li>T.&nbsp;Hamadouche&nbsp;&amp; A.&nbsp;Khemmoudj, &#8220;Energy decay rates for&nbsp;Bresse&nbsp;system with second sound and weak nonlinear boundary dissipation&#8221;,&nbsp;&nbsp;Zeitschrift&nbsp;fuer&nbsp;AngewandteMathematik&nbsp;und&nbsp;Physik, submitted. (17&nbsp;juillet&nbsp;2016)<\/li>\n<\/ol>\n\n\n\n<ol class=\"wp-block-list\" type=\"1\" start=\"3\">\n<li>T.&nbsp;Hamadouche&nbsp;&amp; A.&nbsp;Khemmoudj, &#8220;General decay of solution of a&nbsp;bresse&nbsp;system with viscoelastic boundary conditions&#8221;,&nbsp;&nbsp;Discrete&nbsp;and continuous dynamical systems&nbsp;&nbsp;SerieA DCDS-A submitted. (29&nbsp;juin&nbsp;2016) ,&nbsp;&nbsp;DCDS-A 3413<\/li>\n<\/ol>\n\n\n\n<ol class=\"wp-block-list\" type=\"1\" start=\"4\">\n<li>T.&nbsp;Hamadouche&nbsp;&amp; A.&nbsp;Khemmoudj, &#8220;On the boundary control of memory type for aBresse&nbsp;system in&nbsp;thermoelasticity&nbsp;of type III&#8221;,&nbsp;&nbsp;Applied and Computational Mathematics, submitted (18&nbsp;aout&nbsp;2016)<\/li>\n<\/ol>\n\n\n\n<ol class=\"wp-block-list\" type=\"1\" start=\"5\">\n<li>B.&nbsp;Lekdim&nbsp;&amp; A.&nbsp;Khemmoudj, &#8220;Uniform decay of a viscoelastic nonlinear beam in two-dimensional space&#8221;, Nonlinear Differential Equations and Applications&nbsp;NoDEA, submitted (15&nbsp;aout&nbsp;2016).<\/li>\n<\/ol>\n\n\n\n<p>(Liste \u00e0&nbsp;completer)<\/p>\n<\/blockquote>\n","protected":false},"excerpt":{"rendered":"<p>Les articles soumis<\/p>\n","protected":false},"author":1,"featured_media":0,"parent":0,"menu_order":0,"comment_status":"closed","ping_status":"closed","template":"","meta":{"footnotes":""},"class_list":["post-18","page","type-page","status-publish","hentry"],"_links":{"self":[{"href":"https:\/\/lsd.usthb.dz\/index.php\/wp-json\/wp\/v2\/pages\/18","targetHints":{"allow":["GET"]}}],"collection":[{"href":"https:\/\/lsd.usthb.dz\/index.php\/wp-json\/wp\/v2\/pages"}],"about":[{"href":"https:\/\/lsd.usthb.dz\/index.php\/wp-json\/wp\/v2\/types\/page"}],"author":[{"embeddable":true,"href":"https:\/\/lsd.usthb.dz\/index.php\/wp-json\/wp\/v2\/users\/1"}],"replies":[{"embeddable":true,"href":"https:\/\/lsd.usthb.dz\/index.php\/wp-json\/wp\/v2\/comments?post=18"}],"version-history":[{"count":5,"href":"https:\/\/lsd.usthb.dz\/index.php\/wp-json\/wp\/v2\/pages\/18\/revisions"}],"predecessor-version":[{"id":118,"href":"https:\/\/lsd.usthb.dz\/index.php\/wp-json\/wp\/v2\/pages\/18\/revisions\/118"}],"wp:attachment":[{"href":"https:\/\/lsd.usthb.dz\/index.php\/wp-json\/wp\/v2\/media?parent=18"}],"curies":[{"name":"wp","href":"https:\/\/api.w.org\/{rel}","templated":true}]}}